{"id":479,"date":"2020-01-07T11:09:43","date_gmt":"2020-01-07T10:09:43","guid":{"rendered":"https:\/\/weiss-traductions.ch\/referenzen\/"},"modified":"2020-01-24T08:11:56","modified_gmt":"2020-01-24T07:11:56","slug":"livre-d-or","status":"publish","type":"page","link":"https:\/\/weiss-traductions.ch\/fr\/livre-d-or\/","title":{"rendered":"Livre d\u2019or"},"content":{"rendered":"\n<div id=\"livre-d\u2019or\" class=\"article-section\">\n  <div class=\"block-title\">\n    <h1>Livre d\u2019or<\/h1>\n    <span class=\"wortart\">nom masculin<\/span>\n  <\/div>\n  <div class=\"row\">\n    <div class=\"col-md-8\">\n\n\n\n<div class=\"block-testimonial\">\n  <blockquote>\n    \u00abVielen Dank f\u00fcr die wie immer sehr sorgf\u00e4ltige und zuverl\u00e4ssige Arbeit.\u00bb\n    <cite>M. Buser, Schweizerische Gesellschaft f\u00fcr Cystische Fibrose<\/cite>\n  <\/blockquote>\n<\/div>\n\n\n\n<div class=\"block-testimonial\">\n  <blockquote>\n    \u00ab&nbsp;www.weiss-traductions.ch, une bonne adresse. Un bureau de traduction, qui tient ses promesses. Respect des d\u00e9lais, s\u00e9rieux, comp\u00e9tence. Nous travaillons depuis une dizaine d&rsquo;ann\u00e9es avec eux pour le fran\u00e7ais et n&rsquo;avons aucune intention d&rsquo;aller voir ailleurs.&nbsp;\u00bb\n    <cite>I. Equey, GastroSuisse, Verband f\u00fcr Hotellerie und Restauration in der Schweiz<\/cite>\n  <\/blockquote>\n<\/div>\n\n\n\n<div class=\"block-testimonial\">\n  <blockquote>\n    \u00abZuerst m\u00f6chten wir euch danken, dass die Umsetzung innerhalb der kurzen Zeit so gut geklappt hat.\u00bb\n    <cite>A. Lusti, sto pharmawebung ag<\/cite>\n  <\/blockquote>\n<\/div>\n\n\n\n<div class=\"block-testimonial\">\n  <blockquote>\n    \u00abHerzlichen Dank f\u00fcr die \u00dcbersetzungen und f\u00fcr Ihre Aufmerksamkeit, ist gesch\u00e4tzt.\u00bb\n    <cite>JPB., OM Pharma Schweiz, Vifor AG <\/cite>\n  <\/blockquote>\n<\/div>\n\n\n\n<div class=\"block-testimonial\">\n  <blockquote>\n    \u00abDas \u00dcbersetzungsb\u00fcro weiss traductions genossenschaft hat hier sorgf\u00e4ltige Arbeit gemacht und sich ein Know-how [im Bereich H\u00e4usliche Gewalt] erarbeitet.\u00bb\n    <cite>P. Allemann, Co-Gesch\u00e4ftsleiterin Beratungsstelle f\u00fcr Frauen gegen Gewalt in Ehe und Partnerschaft<\/cite>\n  <\/blockquote>\n<\/div>\n\n\n\n<div class=\"block-testimonial\">\n  <blockquote>\n    \u00abIch bin sehr zufrieden und m\u00f6chte nicht mehr auf Ihre \u00dcbersetzungsarbeit verzichten.\u00bb\n    <cite>R.H.<\/cite>\n  <\/blockquote>\n<\/div>\n\n\n\n<div class=\"block-testimonial\">\n  <blockquote>\n    \u00abWir wissen Ihr umsichtiges und professionelles Vorgehen sehr zu sch\u00e4tzen.\u00bb\n    <cite>R. Ferreira. Kommunikationsverantwortliche Baugenossenschaft mehr als wohnen<\/cite>\n  <\/blockquote>\n<\/div>\n\n\n\n<div class=\"block-testimonial\">\n  <blockquote>\n    \u00ab&nbsp;weiss traductions genossenschaft, c\u2019est une coop\u00e9rative de traductrices qui offre des prestations de qualit\u00e9 et fonctionne avec une grande r\u00e9activit\u00e9. J\u2019ai r\u00e9guli\u00e8rement recours \u00e0 ce bureau pour me remplacer durant les vacances et tout fonctionne chaque fois \u00e0 merveille: tant sur le plan de l\u2019organisation que des prestations d\u00e9livr\u00e9es. Les retours de mes clients sont toujours positifs et je suis moi-m\u00eame tr\u00e8s satisfaite de cette collaboration qui dure depuis plusieurs ann\u00e9es. Je ne peux que recommander ce prestataire.&nbsp;\u00bb \n    <cite>C. Theumann, relatif communication et traduction<\/cite>\n  <\/blockquote>\n<\/div>\n\n\n\n<div class=\"block-testimonial\">\n  <blockquote>\n    \u00abSie \u00fcbersetzen regelm\u00e4ssig Texte f\u00fcr uns. Wir danken Ihnen hierf\u00fcr herzlich, Ihre \u00dcbersetzungen sind immer sehr gut und Sie weisen uns auch auf Unstimmigkeiten hin, was uns sehr hilft.\u00bb\n    <cite>S. Tr\u00f6sch, Schweizerischer Verband der Ern\u00e4hrungsberater\/innen SVDE \u2013 Association suisse des di\u00e9t\u00e9ticien-ne-s ASDD<\/cite>\n  <\/blockquote>\n<\/div>\n\n\n\n    <\/div>\n    <div class=\"col-md-4\">\n              <ol class=\"word-description\">\n                      <li class=\"word-description__item\">Recueil des t\u00e9moignages de nos clientes et partenaires, pr\u00e9cieuse source de motivation pour toute l\u2019\u00e9quipe.<\/li>\n                  <\/ol>\n          <\/div>\n  <\/div>\n<\/div>\n\n  \n","protected":false},"excerpt":{"rendered":"","protected":false},"author":1,"featured_media":382,"parent":0,"menu_order":0,"comment_status":"closed","ping_status":"closed","template":"","meta":{"_acf_changed":false,"footnotes":""},"class_list":["post-479","page","type-page","status-publish","has-post-thumbnail","hentry"],"acf":[],"yoast_head":"<!-- This site is optimized with the Yoast SEO plugin v27.3 - https:\/\/yoast.com\/product\/yoast-seo-wordpress\/ -->\n<title>Livre d\u2019or - Weiss Traductions<\/title>\n<meta name=\"robots\" content=\"index, follow, max-snippet:-1, max-image-preview:large, max-video-preview:-1\" \/>\n<link rel=\"canonical\" href=\"https:\/\/weiss-traductions.ch\/fr\/livre-d-or\/\" \/>\n<meta property=\"og:locale\" content=\"fr_FR\" \/>\n<meta property=\"og:type\" content=\"article\" \/>\n<meta property=\"og:title\" content=\"Livre d\u2019or - Weiss Traductions\" \/>\n<meta property=\"og:url\" content=\"https:\/\/weiss-traductions.ch\/fr\/livre-d-or\/\" \/>\n<meta property=\"og:site_name\" content=\"Weiss Traductions\" \/>\n<meta property=\"article:modified_time\" content=\"2020-01-24T07:11:56+00:00\" \/>\n<meta property=\"og:image\" content=\"https:\/\/weiss-traductions.ch\/wp-content\/uploads\/2020\/01\/MG_7675_tastatur.jpg\" \/>\n\t<meta property=\"og:image:width\" content=\"2000\" \/>\n\t<meta property=\"og:image:height\" content=\"500\" \/>\n\t<meta property=\"og:image:type\" content=\"image\/jpeg\" \/>\n<meta name=\"twitter:card\" content=\"summary_large_image\" \/>\n<script type=\"application\/ld+json\" class=\"yoast-schema-graph\">{\"@context\":\"https:\\\/\\\/schema.org\",\"@graph\":[{\"@type\":\"WebPage\",\"@id\":\"https:\\\/\\\/weiss-traductions.ch\\\/fr\\\/livre-d-or\\\/\",\"url\":\"https:\\\/\\\/weiss-traductions.ch\\\/fr\\\/livre-d-or\\\/\",\"name\":\"Livre d\u2019or - Weiss Traductions\",\"isPartOf\":{\"@id\":\"https:\\\/\\\/weiss-traductions.ch\\\/#website\"},\"primaryImageOfPage\":{\"@id\":\"https:\\\/\\\/weiss-traductions.ch\\\/fr\\\/livre-d-or\\\/#primaryimage\"},\"image\":{\"@id\":\"https:\\\/\\\/weiss-traductions.ch\\\/fr\\\/livre-d-or\\\/#primaryimage\"},\"thumbnailUrl\":\"https:\\\/\\\/weiss-traductions.ch\\\/wp-content\\\/uploads\\\/2020\\\/01\\\/MG_7675_tastatur.jpg\",\"datePublished\":\"2020-01-07T10:09:43+00:00\",\"dateModified\":\"2020-01-24T07:11:56+00:00\",\"breadcrumb\":{\"@id\":\"https:\\\/\\\/weiss-traductions.ch\\\/fr\\\/livre-d-or\\\/#breadcrumb\"},\"inLanguage\":\"fr-FR\",\"potentialAction\":[{\"@type\":\"ReadAction\",\"target\":[\"https:\\\/\\\/weiss-traductions.ch\\\/fr\\\/livre-d-or\\\/\"]}]},{\"@type\":\"ImageObject\",\"inLanguage\":\"fr-FR\",\"@id\":\"https:\\\/\\\/weiss-traductions.ch\\\/fr\\\/livre-d-or\\\/#primaryimage\",\"url\":\"https:\\\/\\\/weiss-traductions.ch\\\/wp-content\\\/uploads\\\/2020\\\/01\\\/MG_7675_tastatur.jpg\",\"contentUrl\":\"https:\\\/\\\/weiss-traductions.ch\\\/wp-content\\\/uploads\\\/2020\\\/01\\\/MG_7675_tastatur.jpg\",\"width\":2000,\"height\":500},{\"@type\":\"BreadcrumbList\",\"@id\":\"https:\\\/\\\/weiss-traductions.ch\\\/fr\\\/livre-d-or\\\/#breadcrumb\",\"itemListElement\":[{\"@type\":\"ListItem\",\"position\":1,\"name\":\"Home\",\"item\":\"https:\\\/\\\/weiss-traductions.ch\\\/fr\\\/\"},{\"@type\":\"ListItem\",\"position\":2,\"name\":\"Livre d\u2019or\"}]},{\"@type\":\"WebSite\",\"@id\":\"https:\\\/\\\/weiss-traductions.ch\\\/#website\",\"url\":\"https:\\\/\\\/weiss-traductions.ch\\\/\",\"name\":\"Weiss Traductions\",\"description\":\"\u00dcbersetzungen und Lektorat\",\"publisher\":{\"@id\":\"https:\\\/\\\/weiss-traductions.ch\\\/#organization\"},\"potentialAction\":[{\"@type\":\"SearchAction\",\"target\":{\"@type\":\"EntryPoint\",\"urlTemplate\":\"https:\\\/\\\/weiss-traductions.ch\\\/?s={search_term_string}\"},\"query-input\":{\"@type\":\"PropertyValueSpecification\",\"valueRequired\":true,\"valueName\":\"search_term_string\"}}],\"inLanguage\":\"fr-FR\"},{\"@type\":\"Organization\",\"@id\":\"https:\\\/\\\/weiss-traductions.ch\\\/#organization\",\"name\":\"Weiss Traductions\",\"url\":\"https:\\\/\\\/weiss-traductions.ch\\\/\",\"logo\":{\"@type\":\"ImageObject\",\"inLanguage\":\"fr-FR\",\"@id\":\"https:\\\/\\\/weiss-traductions.ch\\\/#\\\/schema\\\/logo\\\/image\\\/\",\"url\":\"https:\\\/\\\/weiss-traductions.ch\\\/wp-content\\\/uploads\\\/2020\\\/02\\\/logo.png\",\"contentUrl\":\"https:\\\/\\\/weiss-traductions.ch\\\/wp-content\\\/uploads\\\/2020\\\/02\\\/logo.png\",\"width\":842,\"height\":172,\"caption\":\"Weiss Traductions\"},\"image\":{\"@id\":\"https:\\\/\\\/weiss-traductions.ch\\\/#\\\/schema\\\/logo\\\/image\\\/\"}}]}<\/script>\n<!-- \/ Yoast SEO plugin. -->","yoast_head_json":{"title":"Livre d\u2019or - Weiss Traductions","robots":{"index":"index","follow":"follow","max-snippet":"max-snippet:-1","max-image-preview":"max-image-preview:large","max-video-preview":"max-video-preview:-1"},"canonical":"https:\/\/weiss-traductions.ch\/fr\/livre-d-or\/","og_locale":"fr_FR","og_type":"article","og_title":"Livre d\u2019or - Weiss Traductions","og_url":"https:\/\/weiss-traductions.ch\/fr\/livre-d-or\/","og_site_name":"Weiss Traductions","article_modified_time":"2020-01-24T07:11:56+00:00","og_image":[{"width":2000,"height":500,"url":"https:\/\/weiss-traductions.ch\/wp-content\/uploads\/2020\/01\/MG_7675_tastatur.jpg","type":"image\/jpeg"}],"twitter_card":"summary_large_image","schema":{"@context":"https:\/\/schema.org","@graph":[{"@type":"WebPage","@id":"https:\/\/weiss-traductions.ch\/fr\/livre-d-or\/","url":"https:\/\/weiss-traductions.ch\/fr\/livre-d-or\/","name":"Livre d\u2019or - Weiss Traductions","isPartOf":{"@id":"https:\/\/weiss-traductions.ch\/#website"},"primaryImageOfPage":{"@id":"https:\/\/weiss-traductions.ch\/fr\/livre-d-or\/#primaryimage"},"image":{"@id":"https:\/\/weiss-traductions.ch\/fr\/livre-d-or\/#primaryimage"},"thumbnailUrl":"https:\/\/weiss-traductions.ch\/wp-content\/uploads\/2020\/01\/MG_7675_tastatur.jpg","datePublished":"2020-01-07T10:09:43+00:00","dateModified":"2020-01-24T07:11:56+00:00","breadcrumb":{"@id":"https:\/\/weiss-traductions.ch\/fr\/livre-d-or\/#breadcrumb"},"inLanguage":"fr-FR","potentialAction":[{"@type":"ReadAction","target":["https:\/\/weiss-traductions.ch\/fr\/livre-d-or\/"]}]},{"@type":"ImageObject","inLanguage":"fr-FR","@id":"https:\/\/weiss-traductions.ch\/fr\/livre-d-or\/#primaryimage","url":"https:\/\/weiss-traductions.ch\/wp-content\/uploads\/2020\/01\/MG_7675_tastatur.jpg","contentUrl":"https:\/\/weiss-traductions.ch\/wp-content\/uploads\/2020\/01\/MG_7675_tastatur.jpg","width":2000,"height":500},{"@type":"BreadcrumbList","@id":"https:\/\/weiss-traductions.ch\/fr\/livre-d-or\/#breadcrumb","itemListElement":[{"@type":"ListItem","position":1,"name":"Home","item":"https:\/\/weiss-traductions.ch\/fr\/"},{"@type":"ListItem","position":2,"name":"Livre d\u2019or"}]},{"@type":"WebSite","@id":"https:\/\/weiss-traductions.ch\/#website","url":"https:\/\/weiss-traductions.ch\/","name":"Weiss Traductions","description":"\u00dcbersetzungen und Lektorat","publisher":{"@id":"https:\/\/weiss-traductions.ch\/#organization"},"potentialAction":[{"@type":"SearchAction","target":{"@type":"EntryPoint","urlTemplate":"https:\/\/weiss-traductions.ch\/?s={search_term_string}"},"query-input":{"@type":"PropertyValueSpecification","valueRequired":true,"valueName":"search_term_string"}}],"inLanguage":"fr-FR"},{"@type":"Organization","@id":"https:\/\/weiss-traductions.ch\/#organization","name":"Weiss Traductions","url":"https:\/\/weiss-traductions.ch\/","logo":{"@type":"ImageObject","inLanguage":"fr-FR","@id":"https:\/\/weiss-traductions.ch\/#\/schema\/logo\/image\/","url":"https:\/\/weiss-traductions.ch\/wp-content\/uploads\/2020\/02\/logo.png","contentUrl":"https:\/\/weiss-traductions.ch\/wp-content\/uploads\/2020\/02\/logo.png","width":842,"height":172,"caption":"Weiss Traductions"},"image":{"@id":"https:\/\/weiss-traductions.ch\/#\/schema\/logo\/image\/"}}]}},"_links":{"self":[{"href":"https:\/\/weiss-traductions.ch\/fr\/wp-json\/wp\/v2\/pages\/479","targetHints":{"allow":["GET"]}}],"collection":[{"href":"https:\/\/weiss-traductions.ch\/fr\/wp-json\/wp\/v2\/pages"}],"about":[{"href":"https:\/\/weiss-traductions.ch\/fr\/wp-json\/wp\/v2\/types\/page"}],"author":[{"embeddable":true,"href":"https:\/\/weiss-traductions.ch\/fr\/wp-json\/wp\/v2\/users\/1"}],"replies":[{"embeddable":true,"href":"https:\/\/weiss-traductions.ch\/fr\/wp-json\/wp\/v2\/comments?post=479"}],"version-history":[{"count":10,"href":"https:\/\/weiss-traductions.ch\/fr\/wp-json\/wp\/v2\/pages\/479\/revisions"}],"predecessor-version":[{"id":760,"href":"https:\/\/weiss-traductions.ch\/fr\/wp-json\/wp\/v2\/pages\/479\/revisions\/760"}],"wp:featuredmedia":[{"embeddable":true,"href":"https:\/\/weiss-traductions.ch\/fr\/wp-json\/wp\/v2\/media\/382"}],"wp:attachment":[{"href":"https:\/\/weiss-traductions.ch\/fr\/wp-json\/wp\/v2\/media?parent=479"}],"curies":[{"name":"wp","href":"https:\/\/api.w.org\/{rel}","templated":true}]}}