{"id":472,"date":"2020-01-14T13:19:15","date_gmt":"2020-01-14T12:19:15","guid":{"rendered":"https:\/\/weiss-traductions.ch\/uebersetzungsfonds\/"},"modified":"2020-01-14T20:40:15","modified_gmt":"2020-01-14T19:40:15","slug":"fonds-de-traduction","status":"publish","type":"page","link":"https:\/\/weiss-traductions.ch\/fr\/fonds-de-traduction\/","title":{"rendered":"Fonds de traduction"},"content":{"rendered":"\n<div id=\"fonds-de-traduction\" class=\"article-section\">\n  <div class=\"block-title\">\n    <h1>Fonds de traduction<\/h1>\n    <span class=\"wortart\">nom masculin<\/span>\n  <\/div>\n  <div class=\"row\">\n    <div class=\"col-md-8\">\n\n\n\n<div class=\"block-big-text\">\n  <p>Dans notre pays, un grand nombre de personnes vivent en situation de pr\u00e9carit\u00e9 et il n\u2019est pas rare qu\u2019elles aient besoin de faire traduire des documents, que ce soient des d\u00e9cisions de justice, des rapports d\u2019h\u00f4pitaux \u00e9tablis \u00e0 l\u2019\u00e9tranger ou autres documents officiels. Bien souvent, elles n\u2019ont pas les moyens de payer ces services, c\u2019est pourquoi nous essayons de leur proposer un tarif aussi bas que possible.<\/p>\n<p>&nbsp;<\/p>\n\n<\/div>\n\n\n\n\n<p>Nous ne pouvons toutefois pas nous permettre de prendre en charge l\u2019int\u00e9gralit\u00e9 des frais, c\u2019est pourquoi nous avons eu l\u2019id\u00e9e de cr\u00e9er un fonds de traduction dans le but de pouvoir accepter plus souvent de tels mandats.<\/p>\n\n\n\n<p>En outre, nous proposons des tarifs r\u00e9duits pour les <strong>organisations \u00e0 but non lucratif et non gouvernementales<\/strong>. Il ne nous est toutefois pas possible de couvrir tous les frais. Nous esp\u00e9rons qu\u2019\u00e0 l\u2019avenir, il nous sera possible d\u2019accepter plus fr\u00e9quemment de tels mandats gr\u00e2ce \u00e0 la g\u00e9n\u00e9rosit\u00e9 de nos donateurs.<\/p>\n\n\n\n<p>Nous avons suscit\u00e9 votre curiosit\u00e9&nbsp;? Si tel est le cas, nous serions tr\u00e8s heureuses de pouvoir compter sur votre pr\u00e9cieux soutien. Vous pouvez nous faire un <strong>don<\/strong> et indiquer \u00e0 cette occasion votre pr\u00e9f\u00e9rence d\u2019attribution, en mentionnant \u00ab&nbsp;personne priv\u00e9e&nbsp;\u00bb ou \u00ab&nbsp;ONG&nbsp;\u00bb lors du versement. Nous vous garantissons que ce montant sera utilis\u00e9 exclusivement dans ce but et <strong>vous adresserons bien s\u00fbr une confirmation de don d\u00e8s la r\u00e9ception de votre contribution<\/strong>.<\/p>\n\n\n\n<p>Num\u00e9ro de compte IBAN: CH21 0900 0000 1417 7710 2<\/p>\n\n\n    <\/div>\n    <div class=\"col-md-4\">\n              <ol class=\"word-description\">\n                      <li class=\"word-description__item\">R\u00e9serve de capital nous permettant d\u2019effectuer des traductions pour les personnes disposant de peu de moyens et pour les organisations \u00e0 but non lucratif ou non gouvernementales.<\/li>\n                  <\/ol>\n          <\/div>\n  <\/div>\n<\/div>\n\n  \n","protected":false},"excerpt":{"rendered":"<p>Nous ne pouvons toutefois pas nous permettre de prendre en charge l\u2019int\u00e9gralit\u00e9 des frais, c\u2019est pourquoi nous avons eu l\u2019id\u00e9e de cr\u00e9er un fonds de traduction dans le but de pouvoir accepter plus souvent de tels mandats. En outre, nous proposons des tarifs r\u00e9duits pour les organisations \u00e0 but non lucratif et non gouvernementales. Il [&hellip;]<\/p>\n","protected":false},"author":2,"featured_media":386,"parent":0,"menu_order":0,"comment_status":"closed","ping_status":"closed","template":"","meta":{"_acf_changed":false,"footnotes":""},"class_list":["post-472","page","type-page","status-publish","has-post-thumbnail","hentry"],"acf":[],"yoast_head":"<!-- This site is optimized with the Yoast SEO plugin v27.3 - https:\/\/yoast.com\/product\/yoast-seo-wordpress\/ -->\n<title>Fonds de traduction - Weiss Traductions<\/title>\n<meta name=\"robots\" content=\"index, follow, max-snippet:-1, max-image-preview:large, max-video-preview:-1\" \/>\n<link rel=\"canonical\" href=\"https:\/\/weiss-traductions.ch\/fr\/fonds-de-traduction\/\" \/>\n<meta property=\"og:locale\" content=\"fr_FR\" \/>\n<meta property=\"og:type\" content=\"article\" \/>\n<meta property=\"og:title\" content=\"Fonds de traduction - Weiss Traductions\" \/>\n<meta property=\"og:description\" content=\"Nous ne pouvons toutefois pas nous permettre de prendre en charge l\u2019int\u00e9gralit\u00e9 des frais, c\u2019est pourquoi nous avons eu l\u2019id\u00e9e de cr\u00e9er un fonds de traduction dans le but de pouvoir accepter plus souvent de tels mandats. En outre, nous proposons des tarifs r\u00e9duits pour les organisations \u00e0 but non lucratif et non gouvernementales. Il [&hellip;]\" \/>\n<meta property=\"og:url\" content=\"https:\/\/weiss-traductions.ch\/fr\/fonds-de-traduction\/\" \/>\n<meta property=\"og:site_name\" content=\"Weiss Traductions\" \/>\n<meta property=\"article:modified_time\" content=\"2020-01-14T19:40:15+00:00\" \/>\n<meta property=\"og:image\" content=\"https:\/\/weiss-traductions.ch\/wp-content\/uploads\/2020\/01\/MG_7681_globus.jpg\" \/>\n\t<meta property=\"og:image:width\" content=\"2000\" \/>\n\t<meta property=\"og:image:height\" content=\"500\" \/>\n\t<meta property=\"og:image:type\" content=\"image\/jpeg\" \/>\n<meta name=\"twitter:card\" content=\"summary_large_image\" \/>\n<meta name=\"twitter:label1\" content=\"Dur\u00e9e de lecture estim\u00e9e\" \/>\n\t<meta name=\"twitter:data1\" content=\"1 minute\" \/>\n<script type=\"application\/ld+json\" class=\"yoast-schema-graph\">{\"@context\":\"https:\\\/\\\/schema.org\",\"@graph\":[{\"@type\":\"WebPage\",\"@id\":\"https:\\\/\\\/weiss-traductions.ch\\\/fr\\\/fonds-de-traduction\\\/\",\"url\":\"https:\\\/\\\/weiss-traductions.ch\\\/fr\\\/fonds-de-traduction\\\/\",\"name\":\"Fonds de traduction - Weiss Traductions\",\"isPartOf\":{\"@id\":\"https:\\\/\\\/weiss-traductions.ch\\\/#website\"},\"primaryImageOfPage\":{\"@id\":\"https:\\\/\\\/weiss-traductions.ch\\\/fr\\\/fonds-de-traduction\\\/#primaryimage\"},\"image\":{\"@id\":\"https:\\\/\\\/weiss-traductions.ch\\\/fr\\\/fonds-de-traduction\\\/#primaryimage\"},\"thumbnailUrl\":\"https:\\\/\\\/weiss-traductions.ch\\\/wp-content\\\/uploads\\\/2020\\\/01\\\/MG_7681_globus.jpg\",\"datePublished\":\"2020-01-14T12:19:15+00:00\",\"dateModified\":\"2020-01-14T19:40:15+00:00\",\"breadcrumb\":{\"@id\":\"https:\\\/\\\/weiss-traductions.ch\\\/fr\\\/fonds-de-traduction\\\/#breadcrumb\"},\"inLanguage\":\"fr-FR\",\"potentialAction\":[{\"@type\":\"ReadAction\",\"target\":[\"https:\\\/\\\/weiss-traductions.ch\\\/fr\\\/fonds-de-traduction\\\/\"]}]},{\"@type\":\"ImageObject\",\"inLanguage\":\"fr-FR\",\"@id\":\"https:\\\/\\\/weiss-traductions.ch\\\/fr\\\/fonds-de-traduction\\\/#primaryimage\",\"url\":\"https:\\\/\\\/weiss-traductions.ch\\\/wp-content\\\/uploads\\\/2020\\\/01\\\/MG_7681_globus.jpg\",\"contentUrl\":\"https:\\\/\\\/weiss-traductions.ch\\\/wp-content\\\/uploads\\\/2020\\\/01\\\/MG_7681_globus.jpg\",\"width\":2000,\"height\":500},{\"@type\":\"BreadcrumbList\",\"@id\":\"https:\\\/\\\/weiss-traductions.ch\\\/fr\\\/fonds-de-traduction\\\/#breadcrumb\",\"itemListElement\":[{\"@type\":\"ListItem\",\"position\":1,\"name\":\"Home\",\"item\":\"https:\\\/\\\/weiss-traductions.ch\\\/fr\\\/\"},{\"@type\":\"ListItem\",\"position\":2,\"name\":\"Fonds de traduction\"}]},{\"@type\":\"WebSite\",\"@id\":\"https:\\\/\\\/weiss-traductions.ch\\\/#website\",\"url\":\"https:\\\/\\\/weiss-traductions.ch\\\/\",\"name\":\"Weiss Traductions\",\"description\":\"\u00dcbersetzungen und Lektorat\",\"publisher\":{\"@id\":\"https:\\\/\\\/weiss-traductions.ch\\\/#organization\"},\"potentialAction\":[{\"@type\":\"SearchAction\",\"target\":{\"@type\":\"EntryPoint\",\"urlTemplate\":\"https:\\\/\\\/weiss-traductions.ch\\\/?s={search_term_string}\"},\"query-input\":{\"@type\":\"PropertyValueSpecification\",\"valueRequired\":true,\"valueName\":\"search_term_string\"}}],\"inLanguage\":\"fr-FR\"},{\"@type\":\"Organization\",\"@id\":\"https:\\\/\\\/weiss-traductions.ch\\\/#organization\",\"name\":\"Weiss Traductions\",\"url\":\"https:\\\/\\\/weiss-traductions.ch\\\/\",\"logo\":{\"@type\":\"ImageObject\",\"inLanguage\":\"fr-FR\",\"@id\":\"https:\\\/\\\/weiss-traductions.ch\\\/#\\\/schema\\\/logo\\\/image\\\/\",\"url\":\"https:\\\/\\\/weiss-traductions.ch\\\/wp-content\\\/uploads\\\/2020\\\/02\\\/logo.png\",\"contentUrl\":\"https:\\\/\\\/weiss-traductions.ch\\\/wp-content\\\/uploads\\\/2020\\\/02\\\/logo.png\",\"width\":842,\"height\":172,\"caption\":\"Weiss Traductions\"},\"image\":{\"@id\":\"https:\\\/\\\/weiss-traductions.ch\\\/#\\\/schema\\\/logo\\\/image\\\/\"}}]}<\/script>\n<!-- \/ Yoast SEO plugin. -->","yoast_head_json":{"title":"Fonds de traduction - Weiss Traductions","robots":{"index":"index","follow":"follow","max-snippet":"max-snippet:-1","max-image-preview":"max-image-preview:large","max-video-preview":"max-video-preview:-1"},"canonical":"https:\/\/weiss-traductions.ch\/fr\/fonds-de-traduction\/","og_locale":"fr_FR","og_type":"article","og_title":"Fonds de traduction - Weiss Traductions","og_description":"Nous ne pouvons toutefois pas nous permettre de prendre en charge l\u2019int\u00e9gralit\u00e9 des frais, c\u2019est pourquoi nous avons eu l\u2019id\u00e9e de cr\u00e9er un fonds de traduction dans le but de pouvoir accepter plus souvent de tels mandats. En outre, nous proposons des tarifs r\u00e9duits pour les organisations \u00e0 but non lucratif et non gouvernementales. Il [&hellip;]","og_url":"https:\/\/weiss-traductions.ch\/fr\/fonds-de-traduction\/","og_site_name":"Weiss Traductions","article_modified_time":"2020-01-14T19:40:15+00:00","og_image":[{"width":2000,"height":500,"url":"https:\/\/weiss-traductions.ch\/wp-content\/uploads\/2020\/01\/MG_7681_globus.jpg","type":"image\/jpeg"}],"twitter_card":"summary_large_image","twitter_misc":{"Dur\u00e9e de lecture estim\u00e9e":"1 minute"},"schema":{"@context":"https:\/\/schema.org","@graph":[{"@type":"WebPage","@id":"https:\/\/weiss-traductions.ch\/fr\/fonds-de-traduction\/","url":"https:\/\/weiss-traductions.ch\/fr\/fonds-de-traduction\/","name":"Fonds de traduction - Weiss Traductions","isPartOf":{"@id":"https:\/\/weiss-traductions.ch\/#website"},"primaryImageOfPage":{"@id":"https:\/\/weiss-traductions.ch\/fr\/fonds-de-traduction\/#primaryimage"},"image":{"@id":"https:\/\/weiss-traductions.ch\/fr\/fonds-de-traduction\/#primaryimage"},"thumbnailUrl":"https:\/\/weiss-traductions.ch\/wp-content\/uploads\/2020\/01\/MG_7681_globus.jpg","datePublished":"2020-01-14T12:19:15+00:00","dateModified":"2020-01-14T19:40:15+00:00","breadcrumb":{"@id":"https:\/\/weiss-traductions.ch\/fr\/fonds-de-traduction\/#breadcrumb"},"inLanguage":"fr-FR","potentialAction":[{"@type":"ReadAction","target":["https:\/\/weiss-traductions.ch\/fr\/fonds-de-traduction\/"]}]},{"@type":"ImageObject","inLanguage":"fr-FR","@id":"https:\/\/weiss-traductions.ch\/fr\/fonds-de-traduction\/#primaryimage","url":"https:\/\/weiss-traductions.ch\/wp-content\/uploads\/2020\/01\/MG_7681_globus.jpg","contentUrl":"https:\/\/weiss-traductions.ch\/wp-content\/uploads\/2020\/01\/MG_7681_globus.jpg","width":2000,"height":500},{"@type":"BreadcrumbList","@id":"https:\/\/weiss-traductions.ch\/fr\/fonds-de-traduction\/#breadcrumb","itemListElement":[{"@type":"ListItem","position":1,"name":"Home","item":"https:\/\/weiss-traductions.ch\/fr\/"},{"@type":"ListItem","position":2,"name":"Fonds de traduction"}]},{"@type":"WebSite","@id":"https:\/\/weiss-traductions.ch\/#website","url":"https:\/\/weiss-traductions.ch\/","name":"Weiss Traductions","description":"\u00dcbersetzungen und Lektorat","publisher":{"@id":"https:\/\/weiss-traductions.ch\/#organization"},"potentialAction":[{"@type":"SearchAction","target":{"@type":"EntryPoint","urlTemplate":"https:\/\/weiss-traductions.ch\/?s={search_term_string}"},"query-input":{"@type":"PropertyValueSpecification","valueRequired":true,"valueName":"search_term_string"}}],"inLanguage":"fr-FR"},{"@type":"Organization","@id":"https:\/\/weiss-traductions.ch\/#organization","name":"Weiss Traductions","url":"https:\/\/weiss-traductions.ch\/","logo":{"@type":"ImageObject","inLanguage":"fr-FR","@id":"https:\/\/weiss-traductions.ch\/#\/schema\/logo\/image\/","url":"https:\/\/weiss-traductions.ch\/wp-content\/uploads\/2020\/02\/logo.png","contentUrl":"https:\/\/weiss-traductions.ch\/wp-content\/uploads\/2020\/02\/logo.png","width":842,"height":172,"caption":"Weiss Traductions"},"image":{"@id":"https:\/\/weiss-traductions.ch\/#\/schema\/logo\/image\/"}}]}},"_links":{"self":[{"href":"https:\/\/weiss-traductions.ch\/fr\/wp-json\/wp\/v2\/pages\/472","targetHints":{"allow":["GET"]}}],"collection":[{"href":"https:\/\/weiss-traductions.ch\/fr\/wp-json\/wp\/v2\/pages"}],"about":[{"href":"https:\/\/weiss-traductions.ch\/fr\/wp-json\/wp\/v2\/types\/page"}],"author":[{"embeddable":true,"href":"https:\/\/weiss-traductions.ch\/fr\/wp-json\/wp\/v2\/users\/2"}],"replies":[{"embeddable":true,"href":"https:\/\/weiss-traductions.ch\/fr\/wp-json\/wp\/v2\/comments?post=472"}],"version-history":[{"count":8,"href":"https:\/\/weiss-traductions.ch\/fr\/wp-json\/wp\/v2\/pages\/472\/revisions"}],"predecessor-version":[{"id":629,"href":"https:\/\/weiss-traductions.ch\/fr\/wp-json\/wp\/v2\/pages\/472\/revisions\/629"}],"wp:featuredmedia":[{"embeddable":true,"href":"https:\/\/weiss-traductions.ch\/fr\/wp-json\/wp\/v2\/media\/386"}],"wp:attachment":[{"href":"https:\/\/weiss-traductions.ch\/fr\/wp-json\/wp\/v2\/media?parent=472"}],"curies":[{"name":"wp","href":"https:\/\/api.w.org\/{rel}","templated":true}]}}