{"id":459,"date":"2020-01-07T10:55:25","date_gmt":"2020-01-07T09:55:25","guid":{"rendered":"https:\/\/weiss-traductions.ch\/was-zeichnet-uns-aus\/"},"modified":"2022-09-06T15:23:41","modified_gmt":"2022-09-06T13:23:41","slug":"competences","status":"publish","type":"page","link":"https:\/\/weiss-traductions.ch\/fr\/competences\/","title":{"rendered":"Comp\u00e9tences"},"content":{"rendered":"\n<div id=\"competences\" class=\"article-section\">\n  <div class=\"block-title\">\n    <h1>Comp\u00e9tences<\/h1>\n    <span class=\"wortart\">nom f\u00e9minin<\/span>\n  <\/div>\n  <div class=\"row\">\n    <div class=\"col-md-8\">\n\n\n\n<div class=\"block-big-text\">\n  <p>Fortes de notre vaste r\u00e9seau de traductrices professionnelles dans diverses combinaisons linguistiques, nous avons la possibilit\u00e9 de r\u00e9pondre \u00e0 tous vos souhaits (ou presque).<br \/>\nNotre bureau a cependant conserv\u00e9 une taille humaine qui nous permet de nous occuper personnellement de toutes vos demandes. Nous nous r\u00e9jouissons de pouvoir vous offrir une collaboration \u00e9troite et fructueuse sur le long terme.<\/p>\n\n<\/div>\n\n\n\n    <\/div>\n    <div class=\"col-md-4\">\n              <ol class=\"word-description\">\n                      <li class=\"word-description__item\">Savant m\u00e9lange de connaissances approfondies et d\u2019amour du m\u00e9tier qui nous permettent de fournir des traductions de qualit\u00e9 et sur mesure.<\/li>\n                  <\/ol>\n          <\/div>\n  <\/div>\n<\/div>\n\n  \n\n\n\n<div id=\"domaines-de-specialisation\" class=\"article-section\">\n  <div class=\"block-title\">\n    <h1>Domaines de sp\u00e9cialisation<\/h1>\n    <span class=\"wortart\">nom f\u00e9minin<\/span>\n  <\/div>\n  <div class=\"row\">\n    <div class=\"col-md-8\">\n\n\n\n\n<p>Voici un petit \u00e9chantillon de nos domaines de sp\u00e9cialisation dans lesquels nous ne cessons de nous former. Fortes de la confiance que nous accorde notre client\u00e8le, nous pouvons r\u00e9guli\u00e8rement compl\u00e9ter la liste des domaines et des genres de documents trait\u00e9s&nbsp;:<\/p>\n\n\n\n<p><strong>M\u00e9decine et pharmacie<\/strong> <br>rapports de m\u00e9decins et d\u2019h\u00f4pitaux, brochures m\u00e9dicales, informations destin\u00e9es aux patient-e-s, campagnes de pr\u00e9vention, profils professionnels, expertises m\u00e9dicales, recommandations de traitement<\/p>\n\n\n\n<p><strong>Sciences<\/strong><br>publications scientifiques, rapports de recherche, travail de bachelor\/master<\/p>\n\n\n\n<p><strong>Sant\u00e9,<\/strong> <strong>soins infirmiers, alimentation <\/strong><br>articles scientifiques, r\u00e9sum\u00e9s d\u2019\u00e9tudes et de travail de bachelor\/master, pr\u00e9sentations pour congr\u00e8s, recommandations de traitement <\/p>\n\n\n\n<p><strong>Marketing, publicit\u00e9, communication <\/strong><br>communiqu\u00e9s de presse, slogans, programmes de conf\u00e9rence, brochures, d\u00e9pliants\/plaquettes commerciales, newsletters, sites Internet, documents pour la communication interne, magazines client\u00e8le, publireportages<\/p>\n\n\n\n<p><strong>Technique, architecture, construction<\/strong><br>articles de revue sp\u00e9cialis\u00e9e, \u00e9tudes de recherche, fiches techniques, catalogues, modes d\u2019emploi<\/p>\n\n\n\n<p><strong>Informatique, t\u00e9l\u00e9communications <\/strong><br>fiches produits, cahiers des charges, devis, communiqu\u00e9s de presse, logiciels, modes d\u2019emploi, manuels d\u2019utilisateur<\/p>\n\n\n\n<p><strong>Droit et assurances<\/strong><br>documents officiels, r\u00e8glements, contrats de travail, statuts d\u2019association et de soci\u00e9t\u00e9, proc\u00e8s-verbaux, certificats et dipl\u00f4mes, expertises, recours, d\u00e9clarations de d\u00e9g\u00e2ts<\/p>\n\n\n\n<p><strong>Politique, droits humains et protection de l\u2019environnement <\/strong><br>articles de journaux, argumentaires, analyses, newsletters, discours, tracts, sites Internet, reportages, lettres, interviews, prises de position, communiqu\u00e9s de presse<\/p>\n\n\n\n<p>Nous disposons \u00e9galement d\u2019une solide exp\u00e9rience dans d\u2019autres branches, notamment en <strong>\u00e9conomie<\/strong>, <strong>sciences sociales<\/strong> ou encore dans le secteur du <strong>tourisme<\/strong>. N\u2019h\u00e9sitez pas \u00e0 nous contacter pour en savoir plus. Nous fournissons volontiers des <strong>r\u00e9f\u00e9rences sur demande<\/strong>.<\/p>\n\n\n    <\/div>\n    <div class=\"col-md-4\">\n              <ol class=\"word-description\">\n                      <li class=\"word-description__item\">Fait de privil\u00e9gier un secteur particulier par souci d&rsquo;approfondissement, de ma\u00eetrise et de perfection.<\/li>\n                  <\/ol>\n          <\/div>\n  <\/div>\n<\/div>\n\n  \n\n\n\n<div id=\"combinaisons-de-langue\" class=\"article-section\">\n  <div class=\"block-title\">\n    <h1>Combinaisons de langue<\/h1>\n    <span class=\"wortart\">nom f\u00e9minin pluriel<\/span>\n  <\/div>\n  <div class=\"row\">\n    <div class=\"col-md-8\">\n\n\n\n\n<p>Notre large r\u00e9seau de traductrices sp\u00e9cialis\u00e9es nous permet de vous proposer de nombreuses combinaisons de langues. Vous trouverez ci-dessous les langues plus fr\u00e9quemment demand\u00e9es et combinables selon vos souhaits&nbsp;:<\/p>\n\n\n\n<p>allemand<\/p>\n\n\n\n<p>fran\u00e7ais<\/p>\n\n\n\n<p>italien<\/p>\n\n\n\n<p>anglais<\/p>\n\n\n\n<p>espagnol<\/p>\n\n\n\n<p>portugais<\/p>\n\n\n\n<p>Il nous est impossible de dresser ici la liste compl\u00e8te de toutes les langues et combinaisons de langues traduites par notre bureau. Nous avons r\u00e9guli\u00e8rement eu l\u2019occasion de coordonner des grands projets traduits dans de nombreuses langues, notamment une brochure contre la violence faite aux femmes en 15 langues diff\u00e9rentes. <\/p>\n\n\n\n<p>Nous pouvons d\u00e9sormais \u00eatre fi\u00e8res de disposer d\u2019un solide r\u00e9seau compos\u00e9 de traductrices sp\u00e9cialis\u00e9es qui facilitent la communication dans la langue des migrantes vivant en Suisse ou qui permettent de faire passer le message correctement \u00e0 l\u2019autre bout du monde. N\u2019h\u00e9sitez pas \u00e0 nous contacter par e-mail ou par t\u00e9l\u00e9phone si vous souhaitez plus de renseignements sur la coordination de ce genre de projets. <\/p>\n\n\n\n<p>Pour consulter la brochure&nbsp;: <a href=\"https:\/\/bif-frauenberatung.ch\/sprachen\/franzoesisch\/\" target=\"_blank\" rel=\"noreferrer noopener\" aria-label=\" (\u00f6ffnet in neuem Tab)\">bif-frauenberatung.ch<\/a><\/p>\n\n\n    <\/div>\n    <div class=\"col-md-4\">\n              <ol class=\"word-description\">\n                      <li class=\"word-description__item\">Prestations sur mesure pour r\u00e9pondre aux souhaits particuliers de nos clientes.<\/li>\n                  <\/ol>\n          <\/div>\n  <\/div>\n<\/div>\n\n  \n\n\n\n<div id=\"service-de-proximite\" class=\"article-section\">\n  <div class=\"block-title\">\n    <h1>Service de proximit\u00e9<\/h1>\n    <span class=\"wortart\">nom masculin<\/span>\n  <\/div>\n  <div class=\"row\">\n    <div class=\"col-md-8\">\n\n\n\n\n<p>Du fait de sa petite taille, toute l\u2019\u00e9quipe de weiss traductions genossenschaft conna\u00eet ses clientes et peut \u00eatre fi\u00e8re de la confiance mutuelle qui s\u2019est install\u00e9e au fil des ann\u00e9es. Nous mettons un point d\u2019honneur \u00e0 \u00e9tablir une bonne communication avec nos clientes et nous nous tenons volontiers \u00e0 votre disposition pour r\u00e9pondre \u00e0 vos attentes pr\u00e9cises et vous fournir des traductions sur mesure. Nous d\u00e9pendons de vos retours pour affiner notre travail et sommes donc ouvertes \u00e0 toutes vos remarques, propositions d\u2019am\u00e9lioration et critiques. En outre, c\u2019est avec plaisir que nous nous d\u00e9pla\u00e7ons dans vos locaux. Nos portes vous sont \u00e9galement grandes ouvertes&nbsp;: n\u2019h\u00e9sitez pas \u00e0 nous rendre visite \u00e0 Zurich si vous souhaitez faire notre connaissance.<\/p>\n\n\n    <\/div>\n    <div class=\"col-md-4\">\n              <ol class=\"word-description\">\n                      <li class=\"word-description__item\">Prestations sur mesure pour r\u00e9pondre aux souhaits particuliers de nos clientes.<\/li>\n                  <\/ol>\n          <\/div>\n  <\/div>\n<\/div>\n\n  \n\n\n\n<div id=\"qualite\" class=\"article-section\">\n  <div class=\"block-title\">\n    <h1>Qualit\u00e9<\/h1>\n    <span class=\"wortart\">nom f\u00e9minin<\/span>\n  <\/div>\n  <div class=\"row\">\n    <div class=\"col-md-8\">\n\n\n\n\n<p>Depuis plus de vingt ans, <strong>la qualit\u00e9 de nos services et la satisfaction de notre client\u00e8le<\/strong> sont une priorit\u00e9 absolue. N\u2019h\u00e9sitez pas \u00e0 nous faire part de vos remarques et souhaits&nbsp;! Notre objectif est de vous offrir un service de haute qualit\u00e9 qui correspond \u00e0 vos besoins.<\/p>\n\n\n\n<p><strong>Des processus transparents<\/strong><\/p>\n\n\n\n<p>Pour chaque mandat, nous appliquons un processus rigoureux et constant&nbsp;:<\/p>\n\n\n\n<ul class=\"wp-block-list\"><li><strong>analyse<\/strong> du texte par la gestionnaire du projet (comptage du volume, d\u00e9termination du genre de texte, du public cible, etc.) \u00a0;<\/li><li>attribution du mandat \u00e0 la <strong>traductrice sp\u00e9cialis\u00e9e<\/strong> dans ce domaine en fournissant tout le <strong>mat\u00e9riel d\u2019aide \u00e0 la traduction<\/strong> du document (instructions de la cliente, r\u00e8gles terminologiques et typographiques de la cliente, m\u00e9moire de traduction, glossaire, documents de r\u00e9f\u00e9rence) \u00a0;<\/li><li><strong>r\u00e9vision<\/strong> de la traduction selon le principe des quatre-yeux\u00a0: la traduction est aussi un travail d\u2019\u00e9quipe et nos traductrices\/r\u00e9viseuses travaillent ensemble. L\u2019\u00e9change avec nos clientes est \u00e9galement primordial \u00a0;<\/li><li><strong>contr\u00f4le final<\/strong>, effectu\u00e9 par la gestionnaire du projet ou la personne ayant effectu\u00e9 la r\u00e9vision ;<\/li><li><strong>suivi : <\/strong>mise \u00e0 jour de la terminologie (glossaire), int\u00e9gration du feedback des clientes, gestion des erreurs et de la qualit\u00e9.<\/li><\/ul>\n\n\n<div class=\"block-big-text\">\n  \n<\/div>\n\n\n\n\n<p> <strong>Norme ISO 17.100<\/strong>  <\/p>\n\n\n\n<p>En tant que prestataire de services de traduction, nous ex\u00e9cutons tous nos mandats conform\u00e9ment \u00e0 la norme ISO 17.100 relative aux services de traduction, et ce depuis de longues ann\u00e9es. Vous trouverez ci-apr\u00e8s un r\u00e9sum\u00e9 des exigences de la norme disponible sous <a rel=\"noreferrer noopener\" aria-label=\"iso.org\/fr (\u00f6ffnet in neuem Tab)\" href=\"https:\/\/www.iso.org\/fr\" target=\"_blank\">iso.org\/fr<\/a> ou  <a href=\"https:\/\/www.iso.org\/fr\/d\u00e9finitions\" target=\"_blank\" rel=\"noreferrer noopener\" aria-label=\"iso.org\/fr\/d\u00e9finitions (\u00f6ffnet in neuem Tab)\">iso.org\/fr\/d\u00e9finitions<\/a>  pour plus de d\u00e9tail et la d\u00e9finition des termes employ\u00e9s. <\/p>\n\n\n    <\/div>\n    <div class=\"col-md-4\">\n              <ol class=\"word-description\">\n                      <li class=\"word-description__item\">R\u00e9sultat de nos efforts afin que nos services d\u00e9passent les attentes de nos clientes<\/li>\n                  <\/ol>\n          <\/div>\n  <\/div>\n<\/div>\n\n  \n","protected":false},"excerpt":{"rendered":"<p>Voici un petit \u00e9chantillon de nos domaines de sp\u00e9cialisation dans lesquels nous ne cessons de nous former. Fortes de la confiance que nous accorde notre client\u00e8le, nous pouvons r\u00e9guli\u00e8rement compl\u00e9ter la liste des domaines et des genres de documents trait\u00e9s&nbsp;: M\u00e9decine et pharmacie rapports de m\u00e9decins et d\u2019h\u00f4pitaux, brochures m\u00e9dicales, informations destin\u00e9es aux patient-e-s, campagnes [&hellip;]<\/p>\n","protected":false},"author":1,"featured_media":681,"parent":0,"menu_order":0,"comment_status":"closed","ping_status":"closed","template":"","meta":{"_acf_changed":false,"footnotes":""},"class_list":["post-459","page","type-page","status-publish","has-post-thumbnail","hentry"],"acf":[],"yoast_head":"<!-- This site is optimized with the Yoast SEO plugin v27.3 - https:\/\/yoast.com\/product\/yoast-seo-wordpress\/ -->\n<title>Comp\u00e9tences - Weiss Traductions<\/title>\n<meta name=\"robots\" content=\"index, follow, max-snippet:-1, max-image-preview:large, max-video-preview:-1\" \/>\n<link rel=\"canonical\" href=\"https:\/\/weiss-traductions.ch\/fr\/competences\/\" \/>\n<meta property=\"og:locale\" content=\"fr_FR\" \/>\n<meta property=\"og:type\" content=\"article\" \/>\n<meta property=\"og:title\" content=\"Comp\u00e9tences - Weiss Traductions\" \/>\n<meta property=\"og:description\" content=\"Voici un petit \u00e9chantillon de nos domaines de sp\u00e9cialisation dans lesquels nous ne cessons de nous former. Fortes de la confiance que nous accorde notre client\u00e8le, nous pouvons r\u00e9guli\u00e8rement compl\u00e9ter la liste des domaines et des genres de documents trait\u00e9s&nbsp;: M\u00e9decine et pharmacie rapports de m\u00e9decins et d\u2019h\u00f4pitaux, brochures m\u00e9dicales, informations destin\u00e9es aux patient-e-s, campagnes [&hellip;]\" \/>\n<meta property=\"og:url\" content=\"https:\/\/weiss-traductions.ch\/fr\/competences\/\" \/>\n<meta property=\"og:site_name\" content=\"Weiss Traductions\" \/>\n<meta property=\"article:modified_time\" content=\"2022-09-06T13:23:41+00:00\" \/>\n<meta property=\"og:image\" content=\"https:\/\/weiss-traductions.ch\/wp-content\/uploads\/2020\/01\/MG_7704_ordner_beschnitten_2.jpg\" \/>\n\t<meta property=\"og:image:width\" content=\"2000\" \/>\n\t<meta property=\"og:image:height\" content=\"499\" \/>\n\t<meta property=\"og:image:type\" content=\"image\/jpeg\" \/>\n<meta name=\"twitter:card\" content=\"summary_large_image\" \/>\n<meta name=\"twitter:label1\" content=\"Dur\u00e9e de lecture estim\u00e9e\" \/>\n\t<meta name=\"twitter:data1\" content=\"5 minutes\" \/>\n<script type=\"application\/ld+json\" class=\"yoast-schema-graph\">{\"@context\":\"https:\\\/\\\/schema.org\",\"@graph\":[{\"@type\":\"WebPage\",\"@id\":\"https:\\\/\\\/weiss-traductions.ch\\\/fr\\\/competences\\\/\",\"url\":\"https:\\\/\\\/weiss-traductions.ch\\\/fr\\\/competences\\\/\",\"name\":\"Comp\u00e9tences - Weiss Traductions\",\"isPartOf\":{\"@id\":\"https:\\\/\\\/weiss-traductions.ch\\\/#website\"},\"primaryImageOfPage\":{\"@id\":\"https:\\\/\\\/weiss-traductions.ch\\\/fr\\\/competences\\\/#primaryimage\"},\"image\":{\"@id\":\"https:\\\/\\\/weiss-traductions.ch\\\/fr\\\/competences\\\/#primaryimage\"},\"thumbnailUrl\":\"https:\\\/\\\/weiss-traductions.ch\\\/wp-content\\\/uploads\\\/2020\\\/01\\\/MG_7704_ordner_beschnitten_2.jpg\",\"datePublished\":\"2020-01-07T09:55:25+00:00\",\"dateModified\":\"2022-09-06T13:23:41+00:00\",\"breadcrumb\":{\"@id\":\"https:\\\/\\\/weiss-traductions.ch\\\/fr\\\/competences\\\/#breadcrumb\"},\"inLanguage\":\"fr-FR\",\"potentialAction\":[{\"@type\":\"ReadAction\",\"target\":[\"https:\\\/\\\/weiss-traductions.ch\\\/fr\\\/competences\\\/\"]}]},{\"@type\":\"ImageObject\",\"inLanguage\":\"fr-FR\",\"@id\":\"https:\\\/\\\/weiss-traductions.ch\\\/fr\\\/competences\\\/#primaryimage\",\"url\":\"https:\\\/\\\/weiss-traductions.ch\\\/wp-content\\\/uploads\\\/2020\\\/01\\\/MG_7704_ordner_beschnitten_2.jpg\",\"contentUrl\":\"https:\\\/\\\/weiss-traductions.ch\\\/wp-content\\\/uploads\\\/2020\\\/01\\\/MG_7704_ordner_beschnitten_2.jpg\",\"width\":2000,\"height\":499},{\"@type\":\"BreadcrumbList\",\"@id\":\"https:\\\/\\\/weiss-traductions.ch\\\/fr\\\/competences\\\/#breadcrumb\",\"itemListElement\":[{\"@type\":\"ListItem\",\"position\":1,\"name\":\"Home\",\"item\":\"https:\\\/\\\/weiss-traductions.ch\\\/fr\\\/\"},{\"@type\":\"ListItem\",\"position\":2,\"name\":\"Comp\u00e9tences\"}]},{\"@type\":\"WebSite\",\"@id\":\"https:\\\/\\\/weiss-traductions.ch\\\/#website\",\"url\":\"https:\\\/\\\/weiss-traductions.ch\\\/\",\"name\":\"Weiss Traductions\",\"description\":\"\u00dcbersetzungen und Lektorat\",\"publisher\":{\"@id\":\"https:\\\/\\\/weiss-traductions.ch\\\/#organization\"},\"potentialAction\":[{\"@type\":\"SearchAction\",\"target\":{\"@type\":\"EntryPoint\",\"urlTemplate\":\"https:\\\/\\\/weiss-traductions.ch\\\/?s={search_term_string}\"},\"query-input\":{\"@type\":\"PropertyValueSpecification\",\"valueRequired\":true,\"valueName\":\"search_term_string\"}}],\"inLanguage\":\"fr-FR\"},{\"@type\":\"Organization\",\"@id\":\"https:\\\/\\\/weiss-traductions.ch\\\/#organization\",\"name\":\"Weiss Traductions\",\"url\":\"https:\\\/\\\/weiss-traductions.ch\\\/\",\"logo\":{\"@type\":\"ImageObject\",\"inLanguage\":\"fr-FR\",\"@id\":\"https:\\\/\\\/weiss-traductions.ch\\\/#\\\/schema\\\/logo\\\/image\\\/\",\"url\":\"https:\\\/\\\/weiss-traductions.ch\\\/wp-content\\\/uploads\\\/2020\\\/02\\\/logo.png\",\"contentUrl\":\"https:\\\/\\\/weiss-traductions.ch\\\/wp-content\\\/uploads\\\/2020\\\/02\\\/logo.png\",\"width\":842,\"height\":172,\"caption\":\"Weiss Traductions\"},\"image\":{\"@id\":\"https:\\\/\\\/weiss-traductions.ch\\\/#\\\/schema\\\/logo\\\/image\\\/\"}}]}<\/script>\n<!-- \/ Yoast SEO plugin. -->","yoast_head_json":{"title":"Comp\u00e9tences - Weiss Traductions","robots":{"index":"index","follow":"follow","max-snippet":"max-snippet:-1","max-image-preview":"max-image-preview:large","max-video-preview":"max-video-preview:-1"},"canonical":"https:\/\/weiss-traductions.ch\/fr\/competences\/","og_locale":"fr_FR","og_type":"article","og_title":"Comp\u00e9tences - Weiss Traductions","og_description":"Voici un petit \u00e9chantillon de nos domaines de sp\u00e9cialisation dans lesquels nous ne cessons de nous former. Fortes de la confiance que nous accorde notre client\u00e8le, nous pouvons r\u00e9guli\u00e8rement compl\u00e9ter la liste des domaines et des genres de documents trait\u00e9s&nbsp;: M\u00e9decine et pharmacie rapports de m\u00e9decins et d\u2019h\u00f4pitaux, brochures m\u00e9dicales, informations destin\u00e9es aux patient-e-s, campagnes [&hellip;]","og_url":"https:\/\/weiss-traductions.ch\/fr\/competences\/","og_site_name":"Weiss Traductions","article_modified_time":"2022-09-06T13:23:41+00:00","og_image":[{"width":2000,"height":499,"url":"https:\/\/weiss-traductions.ch\/wp-content\/uploads\/2020\/01\/MG_7704_ordner_beschnitten_2.jpg","type":"image\/jpeg"}],"twitter_card":"summary_large_image","twitter_misc":{"Dur\u00e9e de lecture estim\u00e9e":"5 minutes"},"schema":{"@context":"https:\/\/schema.org","@graph":[{"@type":"WebPage","@id":"https:\/\/weiss-traductions.ch\/fr\/competences\/","url":"https:\/\/weiss-traductions.ch\/fr\/competences\/","name":"Comp\u00e9tences - Weiss Traductions","isPartOf":{"@id":"https:\/\/weiss-traductions.ch\/#website"},"primaryImageOfPage":{"@id":"https:\/\/weiss-traductions.ch\/fr\/competences\/#primaryimage"},"image":{"@id":"https:\/\/weiss-traductions.ch\/fr\/competences\/#primaryimage"},"thumbnailUrl":"https:\/\/weiss-traductions.ch\/wp-content\/uploads\/2020\/01\/MG_7704_ordner_beschnitten_2.jpg","datePublished":"2020-01-07T09:55:25+00:00","dateModified":"2022-09-06T13:23:41+00:00","breadcrumb":{"@id":"https:\/\/weiss-traductions.ch\/fr\/competences\/#breadcrumb"},"inLanguage":"fr-FR","potentialAction":[{"@type":"ReadAction","target":["https:\/\/weiss-traductions.ch\/fr\/competences\/"]}]},{"@type":"ImageObject","inLanguage":"fr-FR","@id":"https:\/\/weiss-traductions.ch\/fr\/competences\/#primaryimage","url":"https:\/\/weiss-traductions.ch\/wp-content\/uploads\/2020\/01\/MG_7704_ordner_beschnitten_2.jpg","contentUrl":"https:\/\/weiss-traductions.ch\/wp-content\/uploads\/2020\/01\/MG_7704_ordner_beschnitten_2.jpg","width":2000,"height":499},{"@type":"BreadcrumbList","@id":"https:\/\/weiss-traductions.ch\/fr\/competences\/#breadcrumb","itemListElement":[{"@type":"ListItem","position":1,"name":"Home","item":"https:\/\/weiss-traductions.ch\/fr\/"},{"@type":"ListItem","position":2,"name":"Comp\u00e9tences"}]},{"@type":"WebSite","@id":"https:\/\/weiss-traductions.ch\/#website","url":"https:\/\/weiss-traductions.ch\/","name":"Weiss Traductions","description":"\u00dcbersetzungen und Lektorat","publisher":{"@id":"https:\/\/weiss-traductions.ch\/#organization"},"potentialAction":[{"@type":"SearchAction","target":{"@type":"EntryPoint","urlTemplate":"https:\/\/weiss-traductions.ch\/?s={search_term_string}"},"query-input":{"@type":"PropertyValueSpecification","valueRequired":true,"valueName":"search_term_string"}}],"inLanguage":"fr-FR"},{"@type":"Organization","@id":"https:\/\/weiss-traductions.ch\/#organization","name":"Weiss Traductions","url":"https:\/\/weiss-traductions.ch\/","logo":{"@type":"ImageObject","inLanguage":"fr-FR","@id":"https:\/\/weiss-traductions.ch\/#\/schema\/logo\/image\/","url":"https:\/\/weiss-traductions.ch\/wp-content\/uploads\/2020\/02\/logo.png","contentUrl":"https:\/\/weiss-traductions.ch\/wp-content\/uploads\/2020\/02\/logo.png","width":842,"height":172,"caption":"Weiss Traductions"},"image":{"@id":"https:\/\/weiss-traductions.ch\/#\/schema\/logo\/image\/"}}]}},"_links":{"self":[{"href":"https:\/\/weiss-traductions.ch\/fr\/wp-json\/wp\/v2\/pages\/459","targetHints":{"allow":["GET"]}}],"collection":[{"href":"https:\/\/weiss-traductions.ch\/fr\/wp-json\/wp\/v2\/pages"}],"about":[{"href":"https:\/\/weiss-traductions.ch\/fr\/wp-json\/wp\/v2\/types\/page"}],"author":[{"embeddable":true,"href":"https:\/\/weiss-traductions.ch\/fr\/wp-json\/wp\/v2\/users\/1"}],"replies":[{"embeddable":true,"href":"https:\/\/weiss-traductions.ch\/fr\/wp-json\/wp\/v2\/comments?post=459"}],"version-history":[{"count":10,"href":"https:\/\/weiss-traductions.ch\/fr\/wp-json\/wp\/v2\/pages\/459\/revisions"}],"predecessor-version":[{"id":919,"href":"https:\/\/weiss-traductions.ch\/fr\/wp-json\/wp\/v2\/pages\/459\/revisions\/919"}],"wp:featuredmedia":[{"embeddable":true,"href":"https:\/\/weiss-traductions.ch\/fr\/wp-json\/wp\/v2\/media\/681"}],"wp:attachment":[{"href":"https:\/\/weiss-traductions.ch\/fr\/wp-json\/wp\/v2\/media?parent=459"}],"curies":[{"name":"wp","href":"https:\/\/api.w.org\/{rel}","templated":true}]}}