{"id":297,"date":"2019-12-17T14:26:59","date_gmt":"2019-12-17T13:26:59","guid":{"rendered":"https:\/\/weiss-traductions.ch\/startseite\/"},"modified":"2024-12-26T16:28:53","modified_gmt":"2024-12-26T15:28:53","slug":"startseite","status":"publish","type":"page","link":"https:\/\/weiss-traductions.ch\/fr\/","title":{"rendered":"Startseite"},"content":{"rendered":"<div class=\"block-big-text\">\n  <p><strong><span lang=\"FR-CH\">A votre service pour bien communiquer dans toutes les langues.<\/span><\/strong><\/p>\n\n<\/div>\n\n\n\n\n<p><\/p>\n\n\n\n<p class=\"has-medium-font-size\"> Aux commandes de notre coop\u00e9rative weiss traductions genossenschaft, nous sommes cinq traductrices chevronn\u00e9es qui mettons \u00e0 votre disposition nos connaissances et nos comp\u00e9tences pour tous vos travaux  linguistiques. Notre bureau se trouve juste derri\u00e8re la gare centrale de Zurich, Milit\u00e4rstrasse, dans le dynamique \u00ab\u00a0Kreis 4\u00a0\u00bb. Christine Menghini, Paula Silva et Nicole Weiss sont en charge de la gestion de projets et se tiennent \u00e0 votre \u00e9coute lundi \u00e0 vendredi, de 9\u00a0h \u00e0 12\u00a0h et de 14\u00a0h \u00e0 17\u00a0h. <\/p>\n\n\n\n<p class=\"has-text-color has-medium-font-size\" style=\"color:#188acc\">Afin de faciliter la lecture de notre site, nous employons le f\u00e9minin g\u00e9n\u00e9rique pour d\u00e9signer les personnes de tous les genres.<\/p>\n\n\n<div class=\"block-big-button text-center\">\n  <a target=\"\" class=\"btn btn-lg btn-primary\" href=\"https:\/\/staging.weiss-traductions.ch\/fr\/services\/#devis\">demander un devis<\/a>\n<\/div>\n\n","protected":false},"excerpt":{"rendered":"<p>Aux commandes de notre coop\u00e9rative weiss traductions genossenschaft, nous sommes cinq traductrices chevronn\u00e9es qui mettons \u00e0 votre disposition nos connaissances et nos comp\u00e9tences pour tous vos travaux linguistiques. Notre bureau se trouve juste derri\u00e8re la gare centrale de Zurich, Milit\u00e4rstrasse, dans le dynamique \u00ab\u00a0Kreis 4\u00a0\u00bb. Christine Menghini, Paula Silva et Nicole Weiss sont en charge [&hellip;]<\/p>\n","protected":false},"author":1,"featured_media":378,"parent":0,"menu_order":0,"comment_status":"closed","ping_status":"closed","template":"","meta":{"_acf_changed":false,"footnotes":""},"class_list":["post-297","page","type-page","status-publish","has-post-thumbnail","hentry"],"acf":[],"yoast_head":"<!-- This site is optimized with the Yoast SEO plugin v27.3 - https:\/\/yoast.com\/product\/yoast-seo-wordpress\/ -->\n<title>Startseite - Weiss Traductions<\/title>\n<meta name=\"robots\" content=\"index, follow, max-snippet:-1, max-image-preview:large, max-video-preview:-1\" \/>\n<link rel=\"canonical\" href=\"https:\/\/weiss-traductions.ch\/fr\/\" \/>\n<meta property=\"og:locale\" content=\"fr_FR\" \/>\n<meta property=\"og:type\" content=\"article\" \/>\n<meta property=\"og:title\" content=\"Startseite - Weiss Traductions\" \/>\n<meta property=\"og:description\" content=\"Aux commandes de notre coop\u00e9rative weiss traductions genossenschaft, nous sommes cinq traductrices chevronn\u00e9es qui mettons \u00e0 votre disposition nos connaissances et nos comp\u00e9tences pour tous vos travaux linguistiques. Notre bureau se trouve juste derri\u00e8re la gare centrale de Zurich, Milit\u00e4rstrasse, dans le dynamique \u00ab\u00a0Kreis 4\u00a0\u00bb. Christine Menghini, Paula Silva et Nicole Weiss sont en charge [&hellip;]\" \/>\n<meta property=\"og:url\" content=\"https:\/\/weiss-traductions.ch\/fr\/\" \/>\n<meta property=\"og:site_name\" content=\"Weiss Traductions\" \/>\n<meta property=\"article:modified_time\" content=\"2024-12-26T15:28:53+00:00\" \/>\n<meta property=\"og:image\" content=\"https:\/\/weiss-traductions.ch\/wp-content\/uploads\/2020\/01\/MG_7662_globus_weit.jpg\" \/>\n\t<meta property=\"og:image:width\" content=\"2000\" \/>\n\t<meta property=\"og:image:height\" content=\"500\" \/>\n\t<meta property=\"og:image:type\" content=\"image\/jpeg\" \/>\n<meta name=\"twitter:card\" content=\"summary_large_image\" \/>\n<meta name=\"twitter:label1\" content=\"Dur\u00e9e de lecture estim\u00e9e\" \/>\n\t<meta name=\"twitter:data1\" content=\"1 minute\" \/>\n<script type=\"application\/ld+json\" class=\"yoast-schema-graph\">{\"@context\":\"https:\\\/\\\/schema.org\",\"@graph\":[{\"@type\":\"WebPage\",\"@id\":\"https:\\\/\\\/weiss-traductions.ch\\\/fr\\\/\",\"url\":\"https:\\\/\\\/weiss-traductions.ch\\\/fr\\\/\",\"name\":\"Startseite - Weiss Traductions\",\"isPartOf\":{\"@id\":\"https:\\\/\\\/weiss-traductions.ch\\\/#website\"},\"primaryImageOfPage\":{\"@id\":\"https:\\\/\\\/weiss-traductions.ch\\\/fr\\\/#primaryimage\"},\"image\":{\"@id\":\"https:\\\/\\\/weiss-traductions.ch\\\/fr\\\/#primaryimage\"},\"thumbnailUrl\":\"https:\\\/\\\/weiss-traductions.ch\\\/wp-content\\\/uploads\\\/2020\\\/01\\\/MG_7662_globus_weit.jpg\",\"datePublished\":\"2019-12-17T13:26:59+00:00\",\"dateModified\":\"2024-12-26T15:28:53+00:00\",\"breadcrumb\":{\"@id\":\"https:\\\/\\\/weiss-traductions.ch\\\/fr\\\/#breadcrumb\"},\"inLanguage\":\"fr-FR\",\"potentialAction\":[{\"@type\":\"ReadAction\",\"target\":[\"https:\\\/\\\/weiss-traductions.ch\\\/fr\\\/\"]}]},{\"@type\":\"ImageObject\",\"inLanguage\":\"fr-FR\",\"@id\":\"https:\\\/\\\/weiss-traductions.ch\\\/fr\\\/#primaryimage\",\"url\":\"https:\\\/\\\/weiss-traductions.ch\\\/wp-content\\\/uploads\\\/2020\\\/01\\\/MG_7662_globus_weit.jpg\",\"contentUrl\":\"https:\\\/\\\/weiss-traductions.ch\\\/wp-content\\\/uploads\\\/2020\\\/01\\\/MG_7662_globus_weit.jpg\",\"width\":2000,\"height\":500},{\"@type\":\"BreadcrumbList\",\"@id\":\"https:\\\/\\\/weiss-traductions.ch\\\/fr\\\/#breadcrumb\",\"itemListElement\":[{\"@type\":\"ListItem\",\"position\":1,\"name\":\"Home\",\"item\":\"https:\\\/\\\/weiss-traductions.ch\\\/fr\\\/\"},{\"@type\":\"ListItem\",\"position\":2,\"name\":\"Startseite\"}]},{\"@type\":\"WebSite\",\"@id\":\"https:\\\/\\\/weiss-traductions.ch\\\/#website\",\"url\":\"https:\\\/\\\/weiss-traductions.ch\\\/\",\"name\":\"Weiss Traductions\",\"description\":\"\u00dcbersetzungen und Lektorat\",\"publisher\":{\"@id\":\"https:\\\/\\\/weiss-traductions.ch\\\/#organization\"},\"potentialAction\":[{\"@type\":\"SearchAction\",\"target\":{\"@type\":\"EntryPoint\",\"urlTemplate\":\"https:\\\/\\\/weiss-traductions.ch\\\/?s={search_term_string}\"},\"query-input\":{\"@type\":\"PropertyValueSpecification\",\"valueRequired\":true,\"valueName\":\"search_term_string\"}}],\"inLanguage\":\"fr-FR\"},{\"@type\":\"Organization\",\"@id\":\"https:\\\/\\\/weiss-traductions.ch\\\/#organization\",\"name\":\"Weiss Traductions\",\"url\":\"https:\\\/\\\/weiss-traductions.ch\\\/\",\"logo\":{\"@type\":\"ImageObject\",\"inLanguage\":\"fr-FR\",\"@id\":\"https:\\\/\\\/weiss-traductions.ch\\\/#\\\/schema\\\/logo\\\/image\\\/\",\"url\":\"https:\\\/\\\/weiss-traductions.ch\\\/wp-content\\\/uploads\\\/2020\\\/02\\\/logo.png\",\"contentUrl\":\"https:\\\/\\\/weiss-traductions.ch\\\/wp-content\\\/uploads\\\/2020\\\/02\\\/logo.png\",\"width\":842,\"height\":172,\"caption\":\"Weiss Traductions\"},\"image\":{\"@id\":\"https:\\\/\\\/weiss-traductions.ch\\\/#\\\/schema\\\/logo\\\/image\\\/\"}}]}<\/script>\n<!-- \/ Yoast SEO plugin. -->","yoast_head_json":{"title":"Startseite - Weiss Traductions","robots":{"index":"index","follow":"follow","max-snippet":"max-snippet:-1","max-image-preview":"max-image-preview:large","max-video-preview":"max-video-preview:-1"},"canonical":"https:\/\/weiss-traductions.ch\/fr\/","og_locale":"fr_FR","og_type":"article","og_title":"Startseite - Weiss Traductions","og_description":"Aux commandes de notre coop\u00e9rative weiss traductions genossenschaft, nous sommes cinq traductrices chevronn\u00e9es qui mettons \u00e0 votre disposition nos connaissances et nos comp\u00e9tences pour tous vos travaux linguistiques. Notre bureau se trouve juste derri\u00e8re la gare centrale de Zurich, Milit\u00e4rstrasse, dans le dynamique \u00ab\u00a0Kreis 4\u00a0\u00bb. Christine Menghini, Paula Silva et Nicole Weiss sont en charge [&hellip;]","og_url":"https:\/\/weiss-traductions.ch\/fr\/","og_site_name":"Weiss Traductions","article_modified_time":"2024-12-26T15:28:53+00:00","og_image":[{"width":2000,"height":500,"url":"https:\/\/weiss-traductions.ch\/wp-content\/uploads\/2020\/01\/MG_7662_globus_weit.jpg","type":"image\/jpeg"}],"twitter_card":"summary_large_image","twitter_misc":{"Dur\u00e9e de lecture estim\u00e9e":"1 minute"},"schema":{"@context":"https:\/\/schema.org","@graph":[{"@type":"WebPage","@id":"https:\/\/weiss-traductions.ch\/fr\/","url":"https:\/\/weiss-traductions.ch\/fr\/","name":"Startseite - Weiss Traductions","isPartOf":{"@id":"https:\/\/weiss-traductions.ch\/#website"},"primaryImageOfPage":{"@id":"https:\/\/weiss-traductions.ch\/fr\/#primaryimage"},"image":{"@id":"https:\/\/weiss-traductions.ch\/fr\/#primaryimage"},"thumbnailUrl":"https:\/\/weiss-traductions.ch\/wp-content\/uploads\/2020\/01\/MG_7662_globus_weit.jpg","datePublished":"2019-12-17T13:26:59+00:00","dateModified":"2024-12-26T15:28:53+00:00","breadcrumb":{"@id":"https:\/\/weiss-traductions.ch\/fr\/#breadcrumb"},"inLanguage":"fr-FR","potentialAction":[{"@type":"ReadAction","target":["https:\/\/weiss-traductions.ch\/fr\/"]}]},{"@type":"ImageObject","inLanguage":"fr-FR","@id":"https:\/\/weiss-traductions.ch\/fr\/#primaryimage","url":"https:\/\/weiss-traductions.ch\/wp-content\/uploads\/2020\/01\/MG_7662_globus_weit.jpg","contentUrl":"https:\/\/weiss-traductions.ch\/wp-content\/uploads\/2020\/01\/MG_7662_globus_weit.jpg","width":2000,"height":500},{"@type":"BreadcrumbList","@id":"https:\/\/weiss-traductions.ch\/fr\/#breadcrumb","itemListElement":[{"@type":"ListItem","position":1,"name":"Home","item":"https:\/\/weiss-traductions.ch\/fr\/"},{"@type":"ListItem","position":2,"name":"Startseite"}]},{"@type":"WebSite","@id":"https:\/\/weiss-traductions.ch\/#website","url":"https:\/\/weiss-traductions.ch\/","name":"Weiss Traductions","description":"\u00dcbersetzungen und Lektorat","publisher":{"@id":"https:\/\/weiss-traductions.ch\/#organization"},"potentialAction":[{"@type":"SearchAction","target":{"@type":"EntryPoint","urlTemplate":"https:\/\/weiss-traductions.ch\/?s={search_term_string}"},"query-input":{"@type":"PropertyValueSpecification","valueRequired":true,"valueName":"search_term_string"}}],"inLanguage":"fr-FR"},{"@type":"Organization","@id":"https:\/\/weiss-traductions.ch\/#organization","name":"Weiss Traductions","url":"https:\/\/weiss-traductions.ch\/","logo":{"@type":"ImageObject","inLanguage":"fr-FR","@id":"https:\/\/weiss-traductions.ch\/#\/schema\/logo\/image\/","url":"https:\/\/weiss-traductions.ch\/wp-content\/uploads\/2020\/02\/logo.png","contentUrl":"https:\/\/weiss-traductions.ch\/wp-content\/uploads\/2020\/02\/logo.png","width":842,"height":172,"caption":"Weiss Traductions"},"image":{"@id":"https:\/\/weiss-traductions.ch\/#\/schema\/logo\/image\/"}}]}},"_links":{"self":[{"href":"https:\/\/weiss-traductions.ch\/fr\/wp-json\/wp\/v2\/pages\/297","targetHints":{"allow":["GET"]}}],"collection":[{"href":"https:\/\/weiss-traductions.ch\/fr\/wp-json\/wp\/v2\/pages"}],"about":[{"href":"https:\/\/weiss-traductions.ch\/fr\/wp-json\/wp\/v2\/types\/page"}],"author":[{"embeddable":true,"href":"https:\/\/weiss-traductions.ch\/fr\/wp-json\/wp\/v2\/users\/1"}],"replies":[{"embeddable":true,"href":"https:\/\/weiss-traductions.ch\/fr\/wp-json\/wp\/v2\/comments?post=297"}],"version-history":[{"count":10,"href":"https:\/\/weiss-traductions.ch\/fr\/wp-json\/wp\/v2\/pages\/297\/revisions"}],"predecessor-version":[{"id":1141,"href":"https:\/\/weiss-traductions.ch\/fr\/wp-json\/wp\/v2\/pages\/297\/revisions\/1141"}],"wp:featuredmedia":[{"embeddable":true,"href":"https:\/\/weiss-traductions.ch\/fr\/wp-json\/wp\/v2\/media\/378"}],"wp:attachment":[{"href":"https:\/\/weiss-traductions.ch\/fr\/wp-json\/wp\/v2\/media?parent=297"}],"curies":[{"name":"wp","href":"https:\/\/api.w.org\/{rel}","templated":true}]}}